{"id":591,"date":"2014-12-08T20:00:53","date_gmt":"2014-12-08T20:00:53","guid":{"rendered":"http:\/\/www.molhoek-verhuur.nl?page_id=591"},"modified":"2014-12-11T16:57:45","modified_gmt":"2014-12-11T16:57:45","slug":"umgebung-2","status":"publish","type":"page","link":"https:\/\/www.molhoek-verhuur.nl\/de\/umgebung-2","title":{"rendered":"Umgebung"},"content":{"rendered":"<p>&nbsp;<\/p>\n<h3><span style=\"color: #e2b55d;\">Cadzand<\/span><\/h3>\n<p><img loading=\"lazy\" decoding=\"async\" class=\"alignright wp-image-422\" src=\"http:\/\/www.molhoek-verhuur.nl\/wp-content\/uploads\/strandlala.jpg\" alt=\"strandlala\" width=\"680\" height=\"347\" \/>Cadzand ist der am s\u00fcdlich gelegensten Badeort der Niederlande. Sehr beliebt durch seine tollen, kilometerlangen Sandstr\u00e4nde. Diese Str\u00e4nde gewinnen fast jedes Jahr den Preis des saubersten Strandes der Niederlande. Auf dem Strand k\u00f6nnen Sie fossile Haaifischz\u00e4hnen und Muscheln suchen und im Sommer sonnen oder ein erfrischendes Bad in der Nordsee nehmen.<\/p>\n<p>Cadzand hat die meisten Sonnenstunden der Niederlande. Hier befinden sich auch viele Routen zum Fahrrad fahren oder Spazieren gehen, entlang einer tollen Umgebung mit viel Natur.<\/p>\n<p>In einer der zahlreichen Strandpavillon oder Restaurants k\u00f6nnen Sie von allem, was das Meer und die Natur zu bieten hat, ausgiebieg genie\u00dfen. Cadzand verf\u00fcgt \u00fcber drei B\u00e4ckerreien, einem Metzger, einem Fischhandel, einem kleinen Supermarkt und einer Drogerie (Von die Wohnungen aus 10 Minuten laufen oder 5 Minuten mit dem Fahrrad).<\/p>\n<p>Zwischen Cadzand Bad und dem modernen Knokke-Heist, an der Belgischen Seite der Grenze, befindet sich das einzigarte Naturschutzgebeit \u201cHet Zwin\u201d. Bei Ebbe k\u00f6nnen Sie zu Fu\u00df durch das Watt \u201cZwingeul\u201d laufen und so Knokke erreichen. An der anderen Seite von Cadzand Bad befindet sich das Naturschutzgebiet \u201cde Verdronken Zwarte Polder\u201d. Auch an anderen Stellen in Zeeuws Vlaanderen finden Sie zahlreiche kleine und gro\u00dfe Naturschutzgebiete.<\/p>\n<p>F\u00fcr weitere Information \u00fcber Cadzand Bad siehe <a href=\"http:\/\/www.cadzand.org\" target=\"_blank\">www.cadzand.org<\/a><br \/>\n<br \/>\n<img loading=\"lazy\" decoding=\"async\" src=\"http:\/\/www.molhoek-verhuur.nl\/wp-content\/uploads\/zwinuniekenatuur.jpg\" alt=\"zwinuniekenatuur\" width=\"680\" height=\"347\" class=\"alignleft size-large wp-image-431\" \/><\/p>\n<h3><span style=\"color: #e2b55d;\">Natur<\/span><\/h3>\n<p>Zwischen Cadzand und dem sehr exclusivem Knokke-Heist befindet sich das grenz\u00fcberschreitende  Naturschutzgebiet \u201cHet Zwin\u201d. An dieser Seite von Cadzand befindet sich auch die \u201cKivitten Polder\u201d, wo Schottische Hochl\u00e4nder grasen. An der anderen Seite von Cadzand befindet sich das Naturschutzgebiet \u201cde Verdronken Zwarte Polder\u201d.<br \/>\n<br \/>\nAuch an anderen Stellen in Zeeuws Vlaanderen finden Sie zahlreiche kleine und gro\u00dfe Naturschutzgebiete. Die tollen Polderstra\u00dfen im Hinterland sind ausgezeichnet f\u00fcr tolle Fahrradtouren.<br \/>\n<\/br><br \/>\n<img loading=\"lazy\" decoding=\"async\" src=\"http:\/\/www.molhoek-verhuur.nl\/wp-content\/uploads\/KiteSurfer1-kopie-2.jpg\" alt=\"KiteSurfer1-kopie-2\" width=\"360\" height=\"174\" class=\"alignright size-large wp-image-438\" \/><\/p>\n<h3><span style=\"color: #e2b55d;\">Aktief<\/span><\/h3>\n<p>Spazieren gehen, Fahrrad fahren, sonnen, schwimmen, kite surfen, wind surfen, Catamaran fahren, angeln. Das alles k\u00f6nnen Sie selber machen oder auch Stunden nehmen bei dem Strandpavillon &#8216;Zeemeeuw&#8217; oder Mojo.<br \/>\n<br \/>\nK\u00fcrzlich wurde in Cadzand eine 9-Loch approach Golfbahn angelegt. In der N\u00e4he von Cadzand befinden sich 3 weitere 18-Loch Golfpl\u00e4tze mit tollen Clubh\u00e4usern. Cadzand verf\u00fcgt \u00fcber eine Sporthalle mit Tennispl\u00e4tzen, sowohl innen als auch au\u00dfen, sowie eine Anzahl Squashbahnen. Au\u00dferdem gibt es noch eine Bowlingbahn und einen Minigolf Platz.<br \/>\n<\/br><br \/>\n<img loading=\"lazy\" decoding=\"async\" src=\"http:\/\/www.molhoek-verhuur.nl\/wp-content\/uploads\/Kluiver-food-m-kopie-kopie.jpg\" alt=\"Kluiver-food-m-kopie kopie\" width=\"260\" height=\"74\" class=\"alignleft size-full wp-image-444\" \/><\/p>\n<h3><span style=\"color: #e2b55d;\">Kulinarisch<\/span><\/h3>\n<p>Zeeuws Vlaanderen ist im kulin\u00e4ren Bereich besonders. Es gibt hier eine gro\u00dfe Anzahl besonderer Restaurants, Bistro\u2019s und Strandrestaurants. Dies hat ungezweifelt mit dem guten Einflu\u00df des nahe gelegenen Belgiens zu tun, wo das Bourgondische Leben sehr beliebt ist.<br \/>\n<\/br><br \/>\n<\/br><br \/>\n<\/p>\n<h3><span style=\"color: #e2b55d;\">St\u00e4dte<\/span><\/h3>\n<p><strong>Knokke<\/strong><img loading=\"lazy\" decoding=\"async\" src=\"http:\/\/www.molhoek-verhuur.nl\/wp-content\/uploads\/steden.jpg\" alt=\"steden\" width=\"600\" height=\"271\" class=\"alignright size-full wp-image-458\" srcset=\"https:\/\/www.molhoek-verhuur.nl\/wp-content\/uploads\/steden.jpg 800w, https:\/\/www.molhoek-verhuur.nl\/wp-content\/uploads\/steden-300x135.jpg 300w\" sizes=\"auto, (max-width: 600px) 100vw, 600px\" \/><\/p>\n<p>Neben Cadzand, an der Belgischen Seite, befinde sich das exclusive Knokke-Heist. In 10 Minuten fahren Sie von Cadzand nach Knokke. In Knokke befinden sich zahlreiche exclusive Gesch\u00e4fte und Boutieken,die alle teure Marken verkaufen. In Knokke befinden sich 250 Restaurants. Auch f\u00fcr die Kinder gibt es hier genug zu erleben.<\/p>\n<p>F\u00fcr mehr Information \u00fcber Knokke siehe <a href=\"http:\/\/www.knokke-heist.info\" target=\"_blank\">www.knokke-heist.info<\/a><\/p>\n<p><strong>Br\u00fcgge<\/strong><\/p>\n<p>Nur 30 Kilometer von Cadzand entfernt befindet sich ein Unesco Welterbe. Die historische Innenstadt von Br\u00fcgge. Br\u00fcgge ist eine einzigartig erhalten gebliebene mittelalterliche Stadt mit Stra\u00dfen und Pl\u00e4tzen toller Monumente. Es gibt hier ein gro\u00dfes kulturelles Angebot. Hier k\u00f6nnen Sie auch ausgiebig shoppen gehen und herrlich essen und trinken.<\/p>\n<p>Siehe <a href=\"http:\/\/www.brugge.be\" target=\"_blank\">www.brugge.be<\/a><\/p>\n<p><strong>Sluis<\/strong><\/p>\n<p>Sluis ist ein gem\u00fctliches und gut besuchtes St\u00e4dtchen gut 10 Minuten von Cadzand entfernt. In Sluis befinden sich zahlreiche Gesch\u00e4fte und Restaurants. Diese sind 7 Tage in der Woche ge\u00f6ffnet. Sluis ist vor allem durch sein Kai und dem historischen Belfort sehr beliebt. Auch ein spaziergang entlang der historischen Stadtmauern ist sicherlich der M\u00fche wert.<\/p>\n<p>F\u00fcr mehr Information siehe <a href=\"http:\/\/www.sluisonline.nl\" target=\"_blank\">www.sluisonline.net<\/a><\/p>\n","protected":false},"excerpt":{"rendered":"<p>&nbsp; Cadzand Cadzand ist der am s\u00fcdlich gelegensten Badeort der Niederlande. Sehr beliebt durch seine tollen, kilometerlangen Sandstr\u00e4nde. Diese Str\u00e4nde gewinnen fast jedes Jahr den Preis des saubersten Strandes der&#8230;<\/p>\n","protected":false},"author":1,"featured_media":473,"parent":0,"menu_order":0,"comment_status":"closed","ping_status":"closed","template":"","meta":{"footnotes":""},"class_list":["post-591","page","type-page","status-publish","has-post-thumbnail","hentry"],"yoast_head":"<!-- This site is optimized with the Yoast SEO plugin v27.5 - https:\/\/yoast.com\/product\/yoast-seo-wordpress\/ -->\n<title>Umgebung - Molhoek Verhuur<\/title>\n<meta name=\"robots\" content=\"index, follow, max-snippet:-1, max-image-preview:large, max-video-preview:-1\" \/>\n<link rel=\"canonical\" href=\"https:\/\/www.molhoek-verhuur.nl\/omgeving-cadzand-molhoek-verhuur\" \/>\n<meta property=\"og:locale\" content=\"de_DE\" \/>\n<meta property=\"og:type\" content=\"article\" \/>\n<meta property=\"og:title\" content=\"Umgebung - Molhoek Verhuur\" \/>\n<meta property=\"og:description\" content=\"&nbsp; Cadzand Cadzand ist der am s\u00fcdlich gelegensten Badeort der Niederlande. Sehr beliebt durch seine tollen, kilometerlangen Sandstr\u00e4nde. Diese Str\u00e4nde gewinnen fast jedes Jahr den Preis des saubersten Strandes der...\" \/>\n<meta property=\"og:url\" content=\"https:\/\/www.molhoek-verhuur.nl\/omgeving-cadzand-molhoek-verhuur\" \/>\n<meta property=\"og:site_name\" content=\"Molhoek Verhuur\" \/>\n<meta property=\"article:modified_time\" content=\"2014-12-11T16:57:45+00:00\" \/>\n<meta property=\"og:image\" content=\"https:\/\/www.molhoek-verhuur.nl\/wp-content\/uploads\/IMG_27481.jpg\" \/>\n\t<meta property=\"og:image:width\" content=\"1024\" \/>\n\t<meta property=\"og:image:height\" content=\"683\" \/>\n\t<meta property=\"og:image:type\" content=\"image\/jpeg\" \/>\n<meta name=\"twitter:label1\" content=\"Est. reading time\" \/>\n\t<meta name=\"twitter:data1\" content=\"3 minutes\" \/>\n<script type=\"application\/ld+json\" class=\"yoast-schema-graph\">{\"@context\":\"https:\\\/\\\/schema.org\",\"@graph\":[{\"@type\":\"WebPage\",\"@id\":\"https:\\\/\\\/www.molhoek-verhuur.nl\\\/omgeving-cadzand-molhoek-verhuur\",\"url\":\"https:\\\/\\\/www.molhoek-verhuur.nl\\\/omgeving-cadzand-molhoek-verhuur\",\"name\":\"Umgebung - Molhoek Verhuur\",\"isPartOf\":{\"@id\":\"https:\\\/\\\/www.molhoek-verhuur.nl\\\/#website\"},\"primaryImageOfPage\":{\"@id\":\"https:\\\/\\\/www.molhoek-verhuur.nl\\\/omgeving-cadzand-molhoek-verhuur#primaryimage\"},\"image\":{\"@id\":\"https:\\\/\\\/www.molhoek-verhuur.nl\\\/omgeving-cadzand-molhoek-verhuur#primaryimage\"},\"thumbnailUrl\":\"https:\\\/\\\/www.molhoek-verhuur.nl\\\/wp-content\\\/uploads\\\/IMG_27481.jpg\",\"datePublished\":\"2014-12-08T20:00:53+00:00\",\"dateModified\":\"2014-12-11T16:57:45+00:00\",\"breadcrumb\":{\"@id\":\"https:\\\/\\\/www.molhoek-verhuur.nl\\\/omgeving-cadzand-molhoek-verhuur#breadcrumb\"},\"inLanguage\":\"de-DE\",\"potentialAction\":[{\"@type\":\"ReadAction\",\"target\":[\"https:\\\/\\\/www.molhoek-verhuur.nl\\\/omgeving-cadzand-molhoek-verhuur\"]}]},{\"@type\":\"ImageObject\",\"inLanguage\":\"de-DE\",\"@id\":\"https:\\\/\\\/www.molhoek-verhuur.nl\\\/omgeving-cadzand-molhoek-verhuur#primaryimage\",\"url\":\"https:\\\/\\\/www.molhoek-verhuur.nl\\\/wp-content\\\/uploads\\\/IMG_27481.jpg\",\"contentUrl\":\"https:\\\/\\\/www.molhoek-verhuur.nl\\\/wp-content\\\/uploads\\\/IMG_27481.jpg\",\"width\":1024,\"height\":683},{\"@type\":\"BreadcrumbList\",\"@id\":\"https:\\\/\\\/www.molhoek-verhuur.nl\\\/omgeving-cadzand-molhoek-verhuur#breadcrumb\",\"itemListElement\":[{\"@type\":\"ListItem\",\"position\":1,\"name\":\"Home\",\"item\":\"https:\\\/\\\/www.molhoek-verhuur.nl\\\/\"},{\"@type\":\"ListItem\",\"position\":2,\"name\":\"Umgebung\"}]},{\"@type\":\"WebSite\",\"@id\":\"https:\\\/\\\/www.molhoek-verhuur.nl\\\/#website\",\"url\":\"https:\\\/\\\/www.molhoek-verhuur.nl\\\/\",\"name\":\"Molhoek Verhuur\",\"description\":\"\",\"potentialAction\":[{\"@type\":\"SearchAction\",\"target\":{\"@type\":\"EntryPoint\",\"urlTemplate\":\"https:\\\/\\\/www.molhoek-verhuur.nl\\\/?s={search_term_string}\"},\"query-input\":{\"@type\":\"PropertyValueSpecification\",\"valueRequired\":true,\"valueName\":\"search_term_string\"}}],\"inLanguage\":\"de-DE\"}]}<\/script>\n<!-- \/ Yoast SEO plugin. -->","yoast_head_json":{"title":"Umgebung - Molhoek Verhuur","robots":{"index":"index","follow":"follow","max-snippet":"max-snippet:-1","max-image-preview":"max-image-preview:large","max-video-preview":"max-video-preview:-1"},"canonical":"https:\/\/www.molhoek-verhuur.nl\/omgeving-cadzand-molhoek-verhuur","og_locale":"de_DE","og_type":"article","og_title":"Umgebung - Molhoek Verhuur","og_description":"&nbsp; Cadzand Cadzand ist der am s\u00fcdlich gelegensten Badeort der Niederlande. Sehr beliebt durch seine tollen, kilometerlangen Sandstr\u00e4nde. Diese Str\u00e4nde gewinnen fast jedes Jahr den Preis des saubersten Strandes der...","og_url":"https:\/\/www.molhoek-verhuur.nl\/omgeving-cadzand-molhoek-verhuur","og_site_name":"Molhoek Verhuur","article_modified_time":"2014-12-11T16:57:45+00:00","og_image":[{"width":1024,"height":683,"url":"https:\/\/www.molhoek-verhuur.nl\/wp-content\/uploads\/IMG_27481.jpg","type":"image\/jpeg"}],"twitter_misc":{"Est. reading time":"3 minutes"},"schema":{"@context":"https:\/\/schema.org","@graph":[{"@type":"WebPage","@id":"https:\/\/www.molhoek-verhuur.nl\/omgeving-cadzand-molhoek-verhuur","url":"https:\/\/www.molhoek-verhuur.nl\/omgeving-cadzand-molhoek-verhuur","name":"Umgebung - Molhoek Verhuur","isPartOf":{"@id":"https:\/\/www.molhoek-verhuur.nl\/#website"},"primaryImageOfPage":{"@id":"https:\/\/www.molhoek-verhuur.nl\/omgeving-cadzand-molhoek-verhuur#primaryimage"},"image":{"@id":"https:\/\/www.molhoek-verhuur.nl\/omgeving-cadzand-molhoek-verhuur#primaryimage"},"thumbnailUrl":"https:\/\/www.molhoek-verhuur.nl\/wp-content\/uploads\/IMG_27481.jpg","datePublished":"2014-12-08T20:00:53+00:00","dateModified":"2014-12-11T16:57:45+00:00","breadcrumb":{"@id":"https:\/\/www.molhoek-verhuur.nl\/omgeving-cadzand-molhoek-verhuur#breadcrumb"},"inLanguage":"de-DE","potentialAction":[{"@type":"ReadAction","target":["https:\/\/www.molhoek-verhuur.nl\/omgeving-cadzand-molhoek-verhuur"]}]},{"@type":"ImageObject","inLanguage":"de-DE","@id":"https:\/\/www.molhoek-verhuur.nl\/omgeving-cadzand-molhoek-verhuur#primaryimage","url":"https:\/\/www.molhoek-verhuur.nl\/wp-content\/uploads\/IMG_27481.jpg","contentUrl":"https:\/\/www.molhoek-verhuur.nl\/wp-content\/uploads\/IMG_27481.jpg","width":1024,"height":683},{"@type":"BreadcrumbList","@id":"https:\/\/www.molhoek-verhuur.nl\/omgeving-cadzand-molhoek-verhuur#breadcrumb","itemListElement":[{"@type":"ListItem","position":1,"name":"Home","item":"https:\/\/www.molhoek-verhuur.nl\/"},{"@type":"ListItem","position":2,"name":"Umgebung"}]},{"@type":"WebSite","@id":"https:\/\/www.molhoek-verhuur.nl\/#website","url":"https:\/\/www.molhoek-verhuur.nl\/","name":"Molhoek Verhuur","description":"","potentialAction":[{"@type":"SearchAction","target":{"@type":"EntryPoint","urlTemplate":"https:\/\/www.molhoek-verhuur.nl\/?s={search_term_string}"},"query-input":{"@type":"PropertyValueSpecification","valueRequired":true,"valueName":"search_term_string"}}],"inLanguage":"de-DE"}]}},"_links":{"self":[{"href":"https:\/\/www.molhoek-verhuur.nl\/de\/wp-json\/wp\/v2\/pages\/591","targetHints":{"allow":["GET"]}}],"collection":[{"href":"https:\/\/www.molhoek-verhuur.nl\/de\/wp-json\/wp\/v2\/pages"}],"about":[{"href":"https:\/\/www.molhoek-verhuur.nl\/de\/wp-json\/wp\/v2\/types\/page"}],"author":[{"embeddable":true,"href":"https:\/\/www.molhoek-verhuur.nl\/de\/wp-json\/wp\/v2\/users\/1"}],"replies":[{"embeddable":true,"href":"https:\/\/www.molhoek-verhuur.nl\/de\/wp-json\/wp\/v2\/comments?post=591"}],"version-history":[{"count":3,"href":"https:\/\/www.molhoek-verhuur.nl\/de\/wp-json\/wp\/v2\/pages\/591\/revisions"}],"predecessor-version":[{"id":668,"href":"https:\/\/www.molhoek-verhuur.nl\/de\/wp-json\/wp\/v2\/pages\/591\/revisions\/668"}],"wp:featuredmedia":[{"embeddable":true,"href":"https:\/\/www.molhoek-verhuur.nl\/de\/wp-json\/wp\/v2\/media\/473"}],"wp:attachment":[{"href":"https:\/\/www.molhoek-verhuur.nl\/de\/wp-json\/wp\/v2\/media?parent=591"}],"curies":[{"name":"wp","href":"https:\/\/api.w.org\/{rel}","templated":true}]}}